{"id":37,"date":"2017-09-11T10:05:04","date_gmt":"2017-09-11T10:05:04","guid":{"rendered":"http:\/\/rotosol.solar\/\/?page_id=37"},"modified":"2024-11-06T06:32:29","modified_gmt":"2024-11-06T06:32:29","slug":"contact","status":"publish","type":"page","link":"https:\/\/rotosol.solar\/solarpumps\/contact\/","title":{"rendered":"Contact"},"content":{"rendered":"<section class=\"blue-section\">\n<div class=\"container\">\n<div class=\"row\">\n<div class=\"alltogather\">\n<div class=\"col-md-4 col-sm-4 col-xs-6 no-margin\">\n<div class=\"blue-contact\">\n<div class=\"rgb-ecllipse\"><img decoding=\"async\" class=\"img-responsive map-icon\" src=\"http:\/\/rotosol.solar\/solarpumps\/wp-content\/uploads\/2017\/09\/add-map.png\" alt=\"address\" \/><\/div>\n<div class=\"rgb-ecllipse-cont\">2102\/3 &amp; 4, GIDC, Vitthal Udhyognagar, Near Anand \u2013 388121 Gujarat, India.<\/div>\n<\/div>\n<div class=\"clearfix\"><\/div>\n<\/div>\n<div class=\"col-md-4 col-sm-4 col-xs-6 no-margin\">\n<div class=\"blue-contact\">\n<div class=\"rgb-ecllipse\"><img decoding=\"async\" class=\"img-responsive phone-icon\" src=\"http:\/\/rotosol.solar\/solarpumps\/wp-content\/uploads\/2017\/09\/add-phone.png\" alt=\"address\" \/><\/div>\n<div class=\"rgb-ecllipse-cont\">TELEPHONE<\/p>\n<p>Customer Care: 1800 1234 412\n<\/p><\/div>\n<\/div>\n<div class=\"clearfix\"><\/div>\n<\/div>\n<div class=\"col-md-4 col-sm-4 col-xs-6 no-margin\">\n<div class=\"blue-contact\">\n<div class=\"rgb-ecllipse\"><img decoding=\"async\" class=\"img-responsive mail-icon\" src=\"http:\/\/rotosol.solar\/solarpumps\/wp-content\/uploads\/2017\/09\/add-mail.png\" alt=\"address\" \/><\/div>\n<div class=\"rgb-ecllipse-cont\">EMAIL<br \/>\nInquiries: <a style=\"color: #fff;\" href=\"mailto:info@rotosol.solar\">info@rotosol.solar<\/a><br \/>\nCustomer Care: <a style=\"color: #fff;\" href=\"mailto:help.ho@rotosol.solar\">help.ho@rotosol.solar<\/a><\/div>\n<\/div>\n<div class=\"clearfix\"><\/div>\n<\/div>\n<div class=\"clearfix\"><\/div>\n<\/div>\n<\/div>\n<\/div>\n<\/section>\n<section id=\"all-section\" class=\"application\">\n<div class=\"section-header\">\n<div class=\"section-title\">\n<h1 class=\"text-center\"><span class=\"our\">contact<\/span> <span class=\"application\">us<\/span><\/h1>\n<hr class=\"app-rule\" \/>\n<hr class=\"rule1\" \/>\n<p class=\"product-para-application\">Feel free to reach us. We will get back to you on your requirements.<\/p>\n<\/div>\n<\/div>\n<div class=\"container\">\n<div class=\"row\">\n<div class=\"contact-forms\">\n<div role=\"form\" class=\"wpcf7\" id=\"wpcf7-f676-o1\" lang=\"en-US\" dir=\"ltr\">\n<div class=\"screen-reader-response\"><\/div>\n<form action=\"\/solarpumps\/wp-json\/wp\/v2\/pages\/37#wpcf7-f676-o1\" method=\"post\" class=\"wpcf7-form\" novalidate=\"novalidate\">\n<div style=\"display: none;\">\n<input type=\"hidden\" name=\"_wpcf7\" value=\"676\" \/><br \/>\n<input type=\"hidden\" name=\"_wpcf7_version\" value=\"5.0.1\" \/><br \/>\n<input type=\"hidden\" name=\"_wpcf7_locale\" value=\"en_US\" \/><br \/>\n<input type=\"hidden\" name=\"_wpcf7_unit_tag\" value=\"wpcf7-f676-o1\" \/><br \/>\n<input type=\"hidden\" name=\"_wpcf7_container_post\" value=\"0\" \/>\n<\/div>\n<div class=\"form-group\">\n<div class=\"col-sm-2\">\n<label>Name*:<\/label>\n<\/div>\n<div class=\"col-sm-10\">\n<span class=\"wpcf7-form-control-wrap text\"><input type=\"text\" name=\"text\" value=\"\" size=\"40\" maxlength=\"120\" class=\"wpcf7-form-control wpcf7-text wpcf7-validates-as-required form-control\" aria-required=\"true\" aria-invalid=\"false\" placeholder=\"Enter name\" \/><\/span>\n<\/div>\n<div class=\"clearfix\"><\/div>\n<\/div>\n<div class=\"form-group\">\n<div class=\"col-sm-2\">\n<label>Company:<\/label>\n<\/div>\n<div class=\"col-sm-10\">\n<span class=\"wpcf7-form-control-wrap cname\"><input type=\"text\" name=\"cname\" value=\"\" size=\"40\" maxlength=\"150\" class=\"wpcf7-form-control wpcf7-text form-control\" aria-invalid=\"false\" placeholder=\"Enter company name\" \/><\/span>\n<\/div>\n<div class=\"clearfix\"><\/div>\n<\/div>\n<div class=\"form-group\">\n<div class=\"col-sm-2\">\n<label>Address*:<\/label>\n<\/div>\n<div class=\"col-sm-10\">\n<span class=\"wpcf7-form-control-wrap address\"><textarea name=\"address\" cols=\"40\" rows=\"10\" maxlength=\"250\" class=\"wpcf7-form-control wpcf7-textarea wpcf7-validates-as-required form-control\" aria-required=\"true\" aria-invalid=\"false\" placeholder=\"Enter address\"><\/textarea><\/span>\n<\/div>\n<div class=\"clearfix\"><\/div>\n<\/div>\n<div class=\"form-group\">\n<div class=\"col-sm-2\">\n<label>City*:<\/label>\n<\/div>\n<div class=\"col-sm-10\">\n<span class=\"wpcf7-form-control-wrap city\"><input type=\"text\" name=\"city\" value=\"\" size=\"40\" maxlength=\"70\" class=\"wpcf7-form-control wpcf7-text wpcf7-validates-as-required form-control\" aria-required=\"true\" aria-invalid=\"false\" placeholder=\"Enter city\" \/><\/span>\n<\/div>\n<div class=\"clearfix\"><\/div>\n<\/div>\n<div class=\"form-group\">\n<div class=\"col-sm-2\">\n<label>Country*:<\/label>\n<\/div>\n<div class=\"col-sm-10\">\n<span class=\"wpcf7-form-control-wrap country\"><select name=\"country\" class=\"wpcf7-form-control wpcf7-select wpcf7-validates-as-required form-control\" aria-required=\"true\" aria-invalid=\"false\"><option value=\"\">---<\/option><option value=\"INDIA\">INDIA<\/option><option value=\"AUSTRALIA\">AUSTRALIA<\/option><option value=\"GHANA\">GHANA<\/option><option value=\"NEPAL\">NEPAL<\/option><option value=\"BAHAMAS\">BAHAMAS<\/option><option value=\"BANGLADESH\">BANGLADESH<\/option><option value=\"BHUTAN\">BHUTAN<\/option><option value=\"AFGHANISTAN\">AFGHANISTAN<\/option><option value=\"ALBANIA\">ALBANIA<\/option><option value=\"ALGERIA\">ALGERIA<\/option><option value=\"ANDORRA\">ANDORRA<\/option><option value=\"ANGOLA\">ANGOLA<\/option><option value=\"ANTIGUA &amp; BARBUDA\">ANTIGUA &amp; BARBUDA<\/option><option value=\"ARGENTINA\">ARGENTINA<\/option><option value=\"ARMENIA\">ARMENIA<\/option><option value=\"AUSTRIA\">AUSTRIA<\/option><option value=\"AZERBAIJAN\">AZERBAIJAN<\/option><option value=\"BAHRAIN\">BAHRAIN<\/option><option value=\"BARBADOS\">BARBADOS<\/option><option value=\"BELARUS\">BELARUS<\/option><option value=\"BELGIUM\">BELGIUM<\/option><option value=\"BELIZE\">BELIZE<\/option><option value=\"BENIN\">BENIN<\/option><option value=\"BOLIVIA\">BOLIVIA<\/option><option value=\"BOSNIA &amp; HERZEGOVINA\">BOSNIA &amp; HERZEGOVINA<\/option><option value=\"BOTSWANA\">BOTSWANA<\/option><option value=\"BRAZIL\">BRAZIL<\/option><option value=\"BRUNEI\">BRUNEI<\/option><option value=\"BULGARIA\">BULGARIA<\/option><option value=\"BURKINA FASO\">BURKINA FASO<\/option><option value=\"BURUNDI\">BURUNDI<\/option><option value=\"CABO VERDE\">CABO VERDE<\/option><option value=\"CAMBODIA\">CAMBODIA<\/option><option value=\"CAMEROON\">CAMEROON<\/option><option value=\"CANADA\">CANADA<\/option><option value=\"CENTRAL AFRICAN REPUBLIC\">CENTRAL AFRICAN REPUBLIC<\/option><option value=\"CHAD\">CHAD<\/option><option value=\"CHILE\">CHILE<\/option><option value=\"CHINA\">CHINA<\/option><option value=\"COLOMBIA\">COLOMBIA<\/option><option value=\"COMOROS\">COMOROS<\/option><option value=\"CONGO, DEMOCRATIC REPUBLIC OF THE\">CONGO, DEMOCRATIC REPUBLIC OF THE<\/option><option value=\"COSTA RICA\">COSTA RICA<\/option><option value=\"C\u00d4TE D&#039;IVOIRE\">C\u00d4TE D&#039;IVOIRE<\/option><option value=\"CROATIA\">CROATIA<\/option><option value=\"CUBA\">CUBA<\/option><option value=\"CYPRUS\">CYPRUS<\/option><option value=\"CZECH REPUBLIC\">CZECH REPUBLIC<\/option><option value=\"DENMARK\">DENMARK<\/option><option value=\"DJIBOUTI\">DJIBOUTI<\/option><option value=\"DOMINICA\">DOMINICA<\/option><option value=\"DOMINICAN REPUBLIC\">DOMINICAN REPUBLIC<\/option><option value=\"ECUADOR\">ECUADOR<\/option><option value=\"EGYPT\">EGYPT<\/option><option value=\"EL SALVADOR\">EL SALVADOR<\/option><option value=\"EQUATORIAL GUINEA\">EQUATORIAL GUINEA<\/option><option value=\"ERITREA\">ERITREA<\/option><option value=\"ESTONIA\">ESTONIA<\/option><option value=\"ETHIOPIA\">ETHIOPIA<\/option><option value=\"FEDERATED STATES OF MICRONESIA\">FEDERATED STATES OF MICRONESIA<\/option><option value=\"FIJI\">FIJI<\/option><option value=\"FINLAND\">FINLAND<\/option><option value=\"FRANCE\">FRANCE<\/option><option value=\"GABON\">GABON<\/option><option value=\"GAMBIA\">GAMBIA<\/option><option value=\"GEORGIA\">GEORGIA<\/option><option value=\"GERMANY\">GERMANY<\/option><option value=\"GREECE\">GREECE<\/option><option value=\"GRENADA\">GRENADA<\/option><option value=\"GUATEMALA\">GUATEMALA<\/option><option value=\"GUINEA\">GUINEA<\/option><option value=\"GUINEA-BISSAU\">GUINEA-BISSAU<\/option><option value=\"GUYANA\">GUYANA<\/option><option value=\"HAITI\">HAITI<\/option><option value=\"HONDURAS\">HONDURAS<\/option><option value=\"HUNGARY\">HUNGARY<\/option><option value=\"ICELAND\">ICELAND<\/option><option value=\"INDONESIA\">INDONESIA<\/option><option value=\"IRAN\">IRAN<\/option><option value=\"IRAQ\">IRAQ<\/option><option value=\"IRELAND\">IRELAND<\/option><option value=\"ISRAEL\">ISRAEL<\/option><option value=\"ITALY\">ITALY<\/option><option value=\"JAMAICA\">JAMAICA<\/option><option value=\"JAPAN\">JAPAN<\/option><option value=\"JORDAN\">JORDAN<\/option><option value=\"KAZAKHSTAN\">KAZAKHSTAN<\/option><option value=\"KENYA\">KENYA<\/option><option value=\"KIRIBATI\">KIRIBATI<\/option><option value=\"KOSOVO\">KOSOVO<\/option><option value=\"KUWAIT\">KUWAIT<\/option><option value=\"KYRGYZSTAN\">KYRGYZSTAN<\/option><option value=\"LAOS\">LAOS<\/option><option value=\"LATVIA\">LATVIA<\/option><option value=\"LEBANON\">LEBANON<\/option><option value=\"LESOTHO\">LESOTHO<\/option><option value=\"LIBERIA\">LIBERIA<\/option><option value=\"LIBYA\">LIBYA<\/option><option value=\"LIECHTENSTEIN\">LIECHTENSTEIN<\/option><option value=\"LITHUANIA\">LITHUANIA<\/option><option value=\"LUXEMBOURG\">LUXEMBOURG<\/option><option value=\"MACEDONIA\">MACEDONIA<\/option><option value=\"MADAGASCAR\">MADAGASCAR<\/option><option value=\"MALAWI\">MALAWI<\/option><option value=\"MALAYSIA\">MALAYSIA<\/option><option value=\"MALDIVES\">MALDIVES<\/option><option value=\"MALI\">MALI<\/option><option value=\"MALTA\">MALTA<\/option><option value=\"MARSHALL ISLANDS\">MARSHALL ISLANDS<\/option><option value=\"MAURITANIA\">MAURITANIA<\/option><option value=\"MAURITIUS\">MAURITIUS<\/option><option value=\"MEXICO\">MEXICO<\/option><option value=\"MOLDOVA\">MOLDOVA<\/option><option value=\"MONACO\">MONACO<\/option><option value=\"MONGOLIA\">MONGOLIA<\/option><option value=\"MONTENEGRO\">MONTENEGRO<\/option><option value=\"MOROCCO\">MOROCCO<\/option><option value=\"MOZAMBIQUE\">MOZAMBIQUE<\/option><option value=\"MYANMAR\">MYANMAR<\/option><option value=\"NAMIBIA\">NAMIBIA<\/option><option value=\"NAURU\">NAURU<\/option><option value=\"NEPAL\">NEPAL<\/option><option value=\"NETHERLANDS\">NETHERLANDS<\/option><option value=\"NEW ZEALAND\">NEW ZEALAND<\/option><option value=\"NICARAGUA\">NICARAGUA<\/option><option value=\"NIGER\">NIGER<\/option><option value=\"NIGERIA\">NIGERIA<\/option><option value=\"NORTH KOREA\">NORTH KOREA<\/option><option value=\"NORWAY\">NORWAY<\/option><option value=\"OMAN\">OMAN<\/option><option value=\"PAKISTAN\">PAKISTAN<\/option><option value=\"PALAU\">PALAU<\/option><option value=\"PALESTINE\">PALESTINE<\/option><option value=\"PANAMA\">PANAMA<\/option><option value=\"PAPUA NEW GUINEA\">PAPUA NEW GUINEA<\/option><option value=\"PARAGUAY\">PARAGUAY<\/option><option value=\"PERU\">PERU<\/option><option value=\"PHILIPPINES\">PHILIPPINES<\/option><option value=\"POLAND\">POLAND<\/option><option value=\"PORTUGAL\">PORTUGAL<\/option><option value=\"QATAR\">QATAR<\/option><option value=\"REPUBLIC OF THE CONGO\">REPUBLIC OF THE CONGO<\/option><option value=\"ROMANIA\">ROMANIA<\/option><option value=\"RUSSIA\">RUSSIA<\/option><option value=\"RWANDA\">RWANDA<\/option><option value=\"SAINT KITTS &amp; NEVIS\">SAINT KITTS &amp; NEVIS<\/option><option value=\"SAINT LUCIA\">SAINT LUCIA<\/option><option value=\"SAINT VINCENT &amp; THE GRENADINES\">SAINT VINCENT &amp; THE GRENADINES<\/option><option value=\"SAMOA\">SAMOA<\/option><option value=\"SAN MARINO\">SAN MARINO<\/option><option value=\"S\u00c3O TOM\u00c9 &amp; PR\u00cdNCIPE\">S\u00c3O TOM\u00c9 &amp; PR\u00cdNCIPE<\/option><option value=\"SAUDI ARABIA\">SAUDI ARABIA<\/option><option value=\"SENEGAL\">SENEGAL<\/option><option value=\"SERBIA\">SERBIA<\/option><option value=\"SEYCHELLES\">SEYCHELLES<\/option><option value=\"SIERRA LEONE\">SIERRA LEONE<\/option><option value=\"SINGAPORE\">SINGAPORE<\/option><option value=\"SLOVAKIA\">SLOVAKIA<\/option><option value=\"SLOVENIA\">SLOVENIA<\/option><option value=\"SOLOMON ISLANDS\">SOLOMON ISLANDS<\/option><option value=\"SOMALIA\">SOMALIA<\/option><option value=\"SOUTH AFRICA\">SOUTH AFRICA<\/option><option value=\"SOUTH KOREA\">SOUTH KOREA<\/option><option value=\"SOUTH SUDAN\">SOUTH SUDAN<\/option><option value=\"SPAIN\">SPAIN<\/option><option value=\"SRI LANKA\">SRI LANKA<\/option><option value=\"SUDAN\">SUDAN<\/option><option value=\"SURINAME\">SURINAME<\/option><option value=\"SWAZILAND\">SWAZILAND<\/option><option value=\"SWEDEN\">SWEDEN<\/option><option value=\"SWITZERLAND\">SWITZERLAND<\/option><option value=\"SYRIA\">SYRIA<\/option><option value=\"TAJIKISTAN\">TAJIKISTAN<\/option><option value=\"TANZANIA\">TANZANIA<\/option><option value=\"THAILAND\">THAILAND<\/option><option value=\"TIMOR-LESTE\">TIMOR-LESTE<\/option><option value=\"TOGO\">TOGO<\/option><option value=\"TONGA\">TONGA<\/option><option value=\"TRINIDAD &amp; TOBAGO\">TRINIDAD &amp; TOBAGO<\/option><option value=\"TUNISIA\">TUNISIA<\/option><option value=\"TURKEY\">TURKEY<\/option><option value=\"TURKMENISTAN\">TURKMENISTAN<\/option><option value=\"TUVALU\">TUVALU<\/option><option value=\"UGANDA\">UGANDA<\/option><option value=\"UKRAINE\">UKRAINE<\/option><option value=\"UNITED ARAB EMIRATES\">UNITED ARAB EMIRATES<\/option><option value=\"UNITED KINGDOM\">UNITED KINGDOM<\/option><option value=\"UNITED STATES\">UNITED STATES<\/option><option value=\"URUGUAY\">URUGUAY<\/option><option value=\"UZBEKISTAN\">UZBEKISTAN<\/option><option value=\"VANUATU\">VANUATU<\/option><option value=\"VATICAN CITY\">VATICAN CITY<\/option><option value=\"VENEZUELA\">VENEZUELA<\/option><option value=\"VIETNAM\">VIETNAM<\/option><option value=\"YEMEN\">YEMEN<\/option><option value=\"ZAMBIA\">ZAMBIA<\/option><option value=\"ZIMBABWE\">ZIMBABWE<\/option><\/select><\/span>\n<\/div>\n<div class=\"clearfix\"><\/div>\n<\/div>\n<div class=\"form-group\">\n<div class=\"col-sm-2\">\n<label>Zip*:<\/label>\n<\/div>\n<div class=\"col-sm-10\">\n<span class=\"wpcf7-form-control-wrap zip\"><input type=\"number\" name=\"zip\" value=\"\" class=\"wpcf7-form-control wpcf7-number wpcf7-validates-as-required wpcf7-validates-as-number form-control\" min=\"6\" aria-required=\"true\" aria-invalid=\"false\" placeholder=\"Enter Zip Code\" \/><\/span>\n<\/div>\n<div class=\"clearfix\"><\/div>\n<\/div>\n<div class=\"form-group\">\n<div class=\"col-sm-2\">\n<label>Phone*:<\/label>\n<\/div>\n<div class=\"col-sm-10\">\n<span class=\"wpcf7-form-control-wrap phone\"><input type=\"tel\" name=\"phone\" value=\"\" size=\"40\" maxlength=\"10\" minlength=\"10\" class=\"wpcf7-form-control wpcf7-text wpcf7-tel wpcf7-validates-as-required wpcf7-validates-as-tel form-control digits\" aria-required=\"true\" aria-invalid=\"false\" placeholder=\"Enter phone\" \/><\/span>\n<\/div>\n<div class=\"clearfix\"><\/div>\n<\/div>\n<div class=\"form-group\">\n<div class=\"col-sm-2\">\n<label>Email*:<\/label>\n<\/div>\n<div class=\"col-sm-10\">\n<span class=\"wpcf7-form-control-wrap email\"><input type=\"email\" name=\"email\" value=\"\" size=\"40\" class=\"wpcf7-form-control wpcf7-text wpcf7-email wpcf7-validates-as-required wpcf7-validates-as-email form-control\" aria-required=\"true\" aria-invalid=\"false\" placeholder=\"Enter email\" \/><\/span>\n<\/div>\n<div class=\"clearfix\"><\/div>\n<\/div>\n<div class=\"form-group\">\n<div class=\"col-sm-2\">\n<label>Type Of Pump*:<\/label>\n<\/div>\n<div class=\"col-sm-10\">\n<span class=\"wpcf7-form-control-wrap pump_type\"><select name=\"pump_type\" class=\"wpcf7-form-control wpcf7-select wpcf7-validates-as-required form-control\" aria-required=\"true\" aria-invalid=\"false\"><option value=\"\">---<\/option><option value=\"Submersible Pump\">Submersible Pump<\/option><option value=\"Surface Pump\">Surface Pump<\/option><option value=\"Pool Pump\">Pool Pump<\/option><\/select><\/span>\n<\/div>\n<div class=\"clearfix\"><\/div>\n<\/div>\n<div class=\"form-group\">\n<div class=\"col-sm-2\">\n<label>Pump Head*:<br \/>(Select Unit)<\/label>\n<\/div>\n<div class=\"col-sm-5 col-xs-6 no-right\">\n<span class=\"wpcf7-form-control-wrap height\"><input type=\"number\" name=\"height\" value=\"\" class=\"wpcf7-form-control wpcf7-number wpcf7-validates-as-required wpcf7-validates-as-number form-control\" min=\"1\" aria-required=\"true\" aria-invalid=\"false\" placeholder=\"Pump Head\" \/><\/span>\n<\/div>\n<div class=\"col-sm-5 col-xs-6 no-left\">\n<span class=\"wpcf7-form-control-wrap pumped_height\"><select name=\"pumped_height\" class=\"wpcf7-form-control wpcf7-select wpcf7-validates-as-required form-control\" aria-required=\"true\" aria-invalid=\"false\"><option value=\"\">---<\/option><option value=\"Meters\">Meters<\/option><option value=\"Feet\">Feet<\/option><\/select><\/span>\n<\/div>\n<div class=\"clearfix\"><\/div>\n<\/div>\n<div class=\"form-group\">\n<div class=\"col-sm-2\">\n<label>Water Discharge*:<br \/>(Select Unit)<\/label>\n<\/div>\n<div class=\"col-sm-5 col-xs-6 no-right\">\n<span class=\"wpcf7-form-control-wrap water_required\"><input type=\"number\" name=\"water_required\" value=\"\" class=\"wpcf7-form-control wpcf7-number wpcf7-validates-as-required wpcf7-validates-as-number form-control\" min=\"1\" aria-required=\"true\" aria-invalid=\"false\" placeholder=\"Water Discharge\" \/><\/span>\n<\/div>\n<div class=\"col-sm-5 col-xs-6 no-left\">\n<span class=\"wpcf7-form-control-wrap water_req\"><select name=\"water_req\" class=\"wpcf7-form-control wpcf7-select wpcf7-validates-as-required form-control\" aria-required=\"true\" aria-invalid=\"false\"><option value=\"\">---<\/option><option value=\"m3\/hr\">m3\/hr<\/option><option value=\"LPD\">LPD<\/option><\/select><\/span>\n<\/div>\n<div class=\"clearfix\"><\/div>\n<\/div>\n<div class=\"form-group\">\n<div class=\"col-sm-2\">\n<label>Quantity*:<\/label>\n<\/div>\n<div class=\"col-sm-10\">\n<span class=\"wpcf7-form-control-wrap quantity\"><input type=\"number\" name=\"quantity\" value=\"\" class=\"wpcf7-form-control wpcf7-number wpcf7-validates-as-required wpcf7-validates-as-number form-control\" aria-required=\"true\" aria-invalid=\"false\" placeholder=\"Enter Quantity\" \/><\/span>\n<\/div>\n<div class=\"clearfix\"><\/div>\n<\/div>\n<div class=\"form-group\">\n<div class=\"col-sm-2\">\n&nbsp;\n<\/div>\n<div class=\"col-sm-10 cf-submitform\">\n<div class=\"g-recaptcha\" data-sitekey=\"6Ldx9VYUAAAAAD4jaO5vaQmbfLuPJd1Gyd4hhU75\"><\/div>\n<div class=\"clearfix\"><\/div>\n<\/div>\n<\/div>\n<div class=\"clearfix\"><\/div>\n<div class=\"form-group\" style=\"margin-top:20px;\">\n<div class=\"col-sm-2\">\n&nbsp;\n<\/div>\n<div class=\"col-sm-10 cf-submitform\">\n<input type=\"submit\" value=\"submit\" class=\"wpcf7-form-control wpcf7-submit btn btn-primary btn-form_submit\" id=\"form_submit\" \/><\/div>\n<div class=\"clearfix\"><\/div>\n<\/div>\n<div class=\"clearfix\"><\/div>\n<div class=\"wpcf7-response-output wpcf7-display-none\"><\/div>\n<\/form>\n<\/div>\n<div class=\"clearfix\"><\/div>\n<\/div>\n<\/div>\n<\/div>\n<\/section>\n","protected":false},"excerpt":{"rendered":"<p>2102\/3 &amp; 4, GIDC, Vitthal Udhyognagar, Near Anand \u2013 388121 Gujarat, India. TELEPHONE Customer Care: 1800 1234 412 EMAIL Inquiries: info@rotosol.solar Customer Care: help.ho@rotosol.solar contact us Feel free to reach us. We will get back to you on your requirements.<\/p>\n","protected":false},"author":1,"featured_media":1592,"parent":0,"menu_order":0,"comment_status":"closed","ping_status":"closed","template":"","meta":{"footnotes":""},"class_list":["post-37","page","type-page","status-publish","has-post-thumbnail","hentry"],"_links":{"self":[{"href":"https:\/\/rotosol.solar\/solarpumps\/wp-json\/wp\/v2\/pages\/37","targetHints":{"allow":["GET"]}}],"collection":[{"href":"https:\/\/rotosol.solar\/solarpumps\/wp-json\/wp\/v2\/pages"}],"about":[{"href":"https:\/\/rotosol.solar\/solarpumps\/wp-json\/wp\/v2\/types\/page"}],"author":[{"embeddable":true,"href":"https:\/\/rotosol.solar\/solarpumps\/wp-json\/wp\/v2\/users\/1"}],"replies":[{"embeddable":true,"href":"https:\/\/rotosol.solar\/solarpumps\/wp-json\/wp\/v2\/comments?post=37"}],"version-history":[{"count":43,"href":"https:\/\/rotosol.solar\/solarpumps\/wp-json\/wp\/v2\/pages\/37\/revisions"}],"predecessor-version":[{"id":1692,"href":"https:\/\/rotosol.solar\/solarpumps\/wp-json\/wp\/v2\/pages\/37\/revisions\/1692"}],"wp:featuredmedia":[{"embeddable":true,"href":"https:\/\/rotosol.solar\/solarpumps\/wp-json\/wp\/v2\/media\/1592"}],"wp:attachment":[{"href":"https:\/\/rotosol.solar\/solarpumps\/wp-json\/wp\/v2\/media?parent=37"}],"curies":[{"name":"wp","href":"https:\/\/api.w.org\/{rel}","templated":true}]}}